{"id":1651,"date":"2026-02-05T20:37:33","date_gmt":"2026-02-05T20:37:33","guid":{"rendered":"https:\/\/cansupport.julesbousrez.fr\/benevoles\/"},"modified":"2026-04-13T20:08:52","modified_gmt":"2026-04-13T20:08:52","slug":"benevoles","status":"publish","type":"page","link":"https:\/\/cansupport.julesbousrez.fr\/fr\/benevoles\/","title":{"rendered":"B\u00e9n\u00e9voles"},"content":{"rendered":"\t\t<div data-elementor-type=\"wp-page\" data-elementor-id=\"1651\" class=\"elementor elementor-1651 elementor-868\" data-elementor-post-type=\"page\">\n\t\t\t\t<div class=\"elementor-element elementor-element-b8fbbaa e-con-full e-flex e-con e-parent\" data-id=\"b8fbbaa\" data-element_type=\"container\" data-e-type=\"container\" data-settings=\"{&quot;background_background&quot;:&quot;slideshow&quot;,&quot;background_slideshow_gallery&quot;:[{&quot;id&quot;:1534,&quot;url&quot;:&quot;https:\\\/\\\/cansupport.julesbousrez.fr\\\/wp-content\\\/uploads\\\/2026\\\/02\\\/Volunteers-hero-1.jpg&quot;}],&quot;background_slideshow_slide_transition&quot;:&quot;slide_left&quot;,&quot;background_slideshow_loop&quot;:&quot;yes&quot;,&quot;background_slideshow_slide_duration&quot;:5000,&quot;background_slideshow_transition_duration&quot;:500}\">\n\t\t\t\t<div class=\"elementor-element elementor-element-c87a82e elementor-widget elementor-widget-heading\" data-id=\"c87a82e\" data-element_type=\"widget\" data-e-type=\"widget\" data-widget_type=\"heading.default\">\n\t\t\t\t\t<h1 class=\"elementor-heading-title elementor-size-default\">B\u00e9n\u00e9voles<\/h1>\t\t\t\t<\/div>\n\t\t\t\t<div class=\"elementor-element elementor-element-ba7e639 elementor-widget__width-initial elementor-widget elementor-widget-text-editor\" data-id=\"ba7e639\" data-element_type=\"widget\" data-e-type=\"widget\" data-widget_type=\"text-editor.default\">\n\t\t\t\t\t\t\t\t\t<p>Faire du b\u00e9n\u00e9volat chez CanSupport des C\u00e8dres est une exp\u00e9rience unique et enrichissante. Les b\u00e9n\u00e9voles contribuent \u00e0 l&rsquo;atmosph\u00e8re bienveillante cultiv\u00e9e par notre personnel m\u00e9dical professionnel. <\/p>\t\t\t\t\t\t\t\t<\/div>\n\t\t\t\t<\/div>\n\t\t<div class=\"elementor-element elementor-element-f4eae70 e-flex e-con-boxed e-con e-parent\" data-id=\"f4eae70\" data-element_type=\"container\" data-e-type=\"container\">\n\t\t\t\t\t<div class=\"e-con-inner\">\n\t\t\t\t<div class=\"elementor-element elementor-element-2f9a05a elementor-widget elementor-widget-text-editor\" data-id=\"2f9a05a\" data-element_type=\"widget\" data-e-type=\"widget\" data-widget_type=\"text-editor.default\">\n\t\t\t\t\t\t\t\t\t<p>Chez <strong>CanSupport des C\u00e8dres<\/strong>, les b\u00e9n\u00e9voles sont au c\u0153ur de tout ce que nous faisons. En donnant de votre temps, de votre compassion et de votre pr\u00e9sence, vous devenez un maillon essentiel du soutien et du r\u00e9confort que nous offrons aux personnes atteintes de cancer et \u00e0 leurs familles. Faire du b\u00e9n\u00e9volat chez nous est une exp\u00e9rience unique et enrichissante : \u00e0 la fois stimulante et inspirante. Vous contribuerez \u00e0 cultiver l\u2019environnement bienveillant cr\u00e9\u00e9 par notre \u00e9quipe de professionnels, et nous vous sommes sinc\u00e8rement reconnaissants de votre int\u00e9r\u00eat \u00e0 nous aider.   <\/p>\t\t\t\t\t\t\t\t<\/div>\n\t\t\t\t<div class=\"elementor-element elementor-element-ca9a97a elementor-widget__width-initial elementor-widget elementor-widget-heading\" data-id=\"ca9a97a\" data-element_type=\"widget\" data-e-type=\"widget\" data-widget_type=\"heading.default\">\n\t\t\t\t\t<h3 class=\"elementor-heading-title elementor-size-default\">\u00ab Parfois, nous sous-estimons le pouvoir d'un contact, d'un sourire, d'une parole bienveillante, d'une oreille attentive, d'un compliment sinc\u00e8re ou du plus petit geste d'attention \u2013 autant de choses qui peuvent transformer une vie. \u00bb \u2013 Leo Buscaglia<\/h3>\t\t\t\t<\/div>\n\t\t\t\t<div class=\"elementor-element elementor-element-5a4a982 elementor-widget elementor-widget-heading\" data-id=\"5a4a982\" data-element_type=\"widget\" data-e-type=\"widget\" data-widget_type=\"heading.default\">\n\t\t\t\t\t<h2 class=\"elementor-heading-title elementor-size-default\">Rejoignez notre groupe de formidables b\u00e9n\u00e9voles de CanSupport des C\u00e8dres<\/h2>\t\t\t\t<\/div>\n\t\t\t\t<div class=\"elementor-element elementor-element-4e6b3fc elementor-widget elementor-widget-text-editor\" data-id=\"4e6b3fc\" data-element_type=\"widget\" data-e-type=\"widget\" data-widget_type=\"text-editor.default\">\n\t\t\t\t\t\t\t\t\t<h2><b>Pourquoi \u00eatre b\u00e9n\u00e9vole ?<\/b><\/h2><p>En devenant b\u00e9n\u00e9vole chez CanSupport des C\u00e8dres, vous pouvez :<\/p><ul><li>Rassurez les patients en leur disant qu&rsquo;ils ne sont pas seuls<\/li><li>Offrir de la compagnie et une pr\u00e9sence r\u00e9confortante<\/li><li>Offrir un sentiment d&rsquo;engagement, de compassion et de communaut\u00e9<\/li><li>Accomplir des t\u00e2ches modestes mais significatives pour am\u00e9liorer l&rsquo;exp\u00e9rience hospitali\u00e8re<\/li><li>Contribuez \u00e0 soulager la solitude, la frustration et le stress<\/li><li>Aider les patients et les aidants \u00e0 se sentir vus, entendus et valoris\u00e9s<\/li><\/ul><h2><b>R\u00f4les des b\u00e9n\u00e9voles<\/b><\/h2><p><strong>Accueil et orientation<\/strong><br>Aider les patients et les visiteurs \u00e0 s&rsquo;orienter dans un environnement nouveau et souvent d\u00e9routant. Les b\u00e9n\u00e9voles les accueillent et les guident vers le bureau d&rsquo;inscription, la zone de soins, la caf\u00e9t\u00e9ria ou le parking. <\/p><p><strong>Centre de ressources<\/strong><br>Aider les patients et les aidants naturels \u00e0 trouver des renseignements fiables sur le cancer, les services hospitaliers, le stationnement, les ateliers et les ressources de soutien \u00e9motionnel.<\/p><p><strong>Centre d&rsquo;analyses sanguines<\/strong><br>Faciliter le flux de patients en les accueillant, en les rassurant, en organisant et en distribuant les formulaires d&rsquo;analyse, en appelant les noms et en les dirigeant vers leurs places assises respectives \u2014 le tout avec compassion et un soutien bilingue.<\/p><p><strong>Service de caf\u00e9 ambulant<\/strong><br>Offrez gratuitement caf\u00e9, th\u00e9, chocolat chaud, boissons froides et biscuits aux patients et \u00e0 leurs familles.<\/p><p><strong>B\u00e9n\u00e9voles en soins palliatifs<\/strong><br>Engagez des conversations de soutien et une \u00e9coute active aupr\u00e8s des patients recevant des soins palliatifs.<\/p><h2><b>Exigences des b\u00e9n\u00e9voles<\/b><\/h2><p><strong>Conditions pr\u00e9alables<\/strong><\/p><ul><li>\u00c2ge minimum requis pour le b\u00e9n\u00e9volat : 18 ans au d\u00e9but de votre engagement.<\/li><li>Si vous \u00eates un ancien patient du Centre du cancer des C\u00e8dres, un d\u00e9lai d&rsquo;attente d&rsquo;un an s&rsquo;applique avant que vous puissiez d\u00e9poser une demande.<\/li><\/ul><p><strong>Profil de b\u00e9n\u00e9vole<\/strong><\/p><ul><li>Bilingue fran\u00e7ais-anglais<\/li><li>Autonome, fiable et agr\u00e9able<\/li><li>Discret, flexible et compatissant<\/li><\/ul>\t\t\t\t\t\t\t\t<\/div>\n\t\t\t\t<div class=\"elementor-element elementor-element-4fc329c elementor-widget-divider--view-line elementor-widget elementor-widget-divider\" data-id=\"4fc329c\" data-element_type=\"widget\" data-e-type=\"widget\" data-widget_type=\"divider.default\">\n\t\t\t\t\t\t\t<div class=\"elementor-divider\">\n\t\t\t<span class=\"elementor-divider-separator\">\n\t\t\t\t\t\t<\/span>\n\t\t<\/div>\n\t\t\t\t\t\t<\/div>\n\t\t\t\t<div class=\"elementor-element elementor-element-1775906 elementor-widget elementor-widget-text-editor\" data-id=\"1775906\" data-element_type=\"widget\" data-e-type=\"widget\" data-widget_type=\"text-editor.default\">\n\t\t\t\t\t\t\t\t\t<h2><b>Comment postuler<\/b><\/h2><p><strong>\u00c9tape 1 : Contactez la coordinatrice des b\u00e9n\u00e9voles<\/strong><\/p><p>Envoyez un courriel \u00e0<a href=\"mailto:lauryn.santiago@muhc.mcgill.ca\"> lauryn.santiago@muhc.mcgill.ca <\/a>pour exprimer votre int\u00e9r\u00eat \u00e0 faire du b\u00e9n\u00e9volat.<\/p><p><strong>\u00c9tape 2 : R\u00e9union d&rsquo;introduction<\/strong><\/p><p>Vous serez invit\u00e9(e) \u00e0 rencontrer Lauryn pour passer en revue la proc\u00e9dure de candidature et les documents requis. Si vous ne connaissez pas le Centre du cancer des C\u00e8dres, une br\u00e8ve visite vous sera \u00e9galement propos\u00e9e. <\/p><p><strong>\u00c9tape 3 : Remplir les formulaires de demande<\/strong><\/p><p>Il vous sera demand\u00e9 de soumettre les \u00e9l\u00e9ments suivants :<\/p><ul><li>Un formulaire de candidature compl\u00e9t\u00e9<\/li><li>Un accord de confidentialit\u00e9 sign\u00e9<\/li><li>Une photo r\u00e9cente<\/li><li>Deux r\u00e9f\u00e9rences de personnes ayant eu une autorit\u00e9 ou une supervision directe sur votre travail (par exemple, un superviseur, un enseignant, un entra\u00eeneur, un leader communautaire).<\/li><li>Preuve de vaccination ou d&rsquo;immunisation contre les maladies infantiles<\/li><li>Comp\u00e9tences linguistiques (fran\u00e7ais et anglais)<br>Remarque : Des instructions suppl\u00e9mentaires vous seront fournies lors de votre r\u00e9union.<\/li><\/ul><p><strong style=\"font-family: -apple-system, BlinkMacSystemFont, 'Segoe UI', Roboto, 'Helvetica Neue', Arial, 'Noto Sans', sans-serif, 'Apple Color Emoji', 'Segoe UI Emoji', 'Segoe UI Symbol', 'Noto Color Emoji';\">\u00c9tape 4 : Soumettez votre candidature<\/strong><\/p><p>Num\u00e9risez et envoyez par courriel votre dossier de candidature d\u00fbment rempli (au format PDF).<\/p><p><strong>\u00c9tape 5 : Orientation g\u00e9n\u00e9rale du CUSM<\/strong><\/p><p>Une fois votre demande approuv\u00e9e, vous devrez suivre la s\u00e9ance d\u2019orientation g\u00e9n\u00e9rale du CUSM, qui est une s\u00e9ance en ligne d\u2019une dur\u00e9e d\u2019environ 45 minutes.<\/p><p><strong>\u00c9tape 6 : Orientation des b\u00e9n\u00e9voles de CanSupport des C\u00e8dres<\/strong><\/p><p>Votre derni\u00e8re \u00e9tape consistera \u00e0 participer \u00e0 une s\u00e9ance d&rsquo;orientation en personne de CanSupport des C\u00e8dres avec Lauryn et le reste de l&rsquo;\u00e9quipe au Centre du cancer des C\u00e8dres<\/p><p><strong>Rejoignez-nous<\/strong><\/p><p>Rejoignez une communaut\u00e9 de personnes bienveillantes qui font une r\u00e9elle diff\u00e9rence \u2013 un patient, une visite, un petit geste \u00e0 la fois.<\/p>\t\t\t\t\t\t\t\t<\/div>\n\t\t\t\t<div class=\"elementor-element elementor-element-2bfc4b6 elementor-widget elementor-widget-gallery\" data-id=\"2bfc4b6\" data-element_type=\"widget\" data-e-type=\"widget\" data-settings=\"{&quot;lazyload&quot;:&quot;yes&quot;,&quot;gallery_layout&quot;:&quot;grid&quot;,&quot;columns&quot;:4,&quot;columns_tablet&quot;:2,&quot;columns_mobile&quot;:1,&quot;gap&quot;:{&quot;unit&quot;:&quot;px&quot;,&quot;size&quot;:10,&quot;sizes&quot;:[]},&quot;gap_tablet&quot;:{&quot;unit&quot;:&quot;px&quot;,&quot;size&quot;:10,&quot;sizes&quot;:[]},&quot;gap_mobile&quot;:{&quot;unit&quot;:&quot;px&quot;,&quot;size&quot;:10,&quot;sizes&quot;:[]},&quot;link_to&quot;:&quot;file&quot;,&quot;aspect_ratio&quot;:&quot;3:2&quot;,&quot;overlay_background&quot;:&quot;yes&quot;,&quot;content_hover_animation&quot;:&quot;fade-in&quot;}\" data-widget_type=\"gallery.default\">\n\t\t\t\t\t\t\t<div class=\"elementor-gallery__container\">\n\t\t\t\t\t\t\t<a class=\"e-gallery-item elementor-gallery-item elementor-animated-content\" href=\"https:\/\/cansupport.julesbousrez.fr\/wp-content\/uploads\/2026\/02\/VOLUNTEERS-COFFEE-CART.jpg\" data-elementor-open-lightbox=\"yes\" data-elementor-lightbox-slideshow=\"2bfc4b6\" data-elementor-lightbox-title=\"VOLUNTEERS COFFEE CART\" data-e-action-hash=\"#elementor-action%3Aaction%3Dlightbox%26settings%3DeyJpZCI6MTUzNSwidXJsIjoiaHR0cHM6XC9cL2NhbnN1cHBvcnQuanVsZXNib3VzcmV6LmZyXC93cC1jb250ZW50XC91cGxvYWRzXC8yMDI2XC8wMlwvVk9MVU5URUVSUy1DT0ZGRUUtQ0FSVC5qcGciLCJzbGlkZXNob3ciOiIyYmZjNGI2In0%3D\">\n\t\t\t\t\t<div class=\"e-gallery-image elementor-gallery-item__image\" data-thumbnail=\"https:\/\/cansupport.julesbousrez.fr\/wp-content\/uploads\/2026\/02\/VOLUNTEERS-COFFEE-CART-291x300.jpg\" data-width=\"291\" data-height=\"300\" aria-label=\"\" role=\"img\" ><\/div>\n\t\t\t\t\t\t\t\t\t\t\t<div class=\"elementor-gallery-item__overlay\"><\/div>\n\t\t\t\t\t\t\t\t\t\t\t\t\t\t<\/a>\n\t\t\t\t\t\t\t<a class=\"e-gallery-item elementor-gallery-item elementor-animated-content\" href=\"https:\/\/cansupport.julesbousrez.fr\/wp-content\/uploads\/2026\/02\/VOLUNTEERS-WINE-CHEESE.jpg\" data-elementor-open-lightbox=\"yes\" data-elementor-lightbox-slideshow=\"2bfc4b6\" data-elementor-lightbox-title=\"VOLUNTEERS WINE CHEESE\" data-e-action-hash=\"#elementor-action%3Aaction%3Dlightbox%26settings%3DeyJpZCI6MTUzNiwidXJsIjoiaHR0cHM6XC9cL2NhbnN1cHBvcnQuanVsZXNib3VzcmV6LmZyXC93cC1jb250ZW50XC91cGxvYWRzXC8yMDI2XC8wMlwvVk9MVU5URUVSUy1XSU5FLUNIRUVTRS5qcGciLCJzbGlkZXNob3ciOiIyYmZjNGI2In0%3D\">\n\t\t\t\t\t<div class=\"e-gallery-image elementor-gallery-item__image\" data-thumbnail=\"https:\/\/cansupport.julesbousrez.fr\/wp-content\/uploads\/2026\/02\/VOLUNTEERS-WINE-CHEESE-264x300.jpg\" data-width=\"264\" data-height=\"300\" aria-label=\"\" role=\"img\" ><\/div>\n\t\t\t\t\t\t\t\t\t\t\t<div class=\"elementor-gallery-item__overlay\"><\/div>\n\t\t\t\t\t\t\t\t\t\t\t\t\t\t<\/a>\n\t\t\t\t\t\t\t<a class=\"e-gallery-item elementor-gallery-item elementor-animated-content\" href=\"https:\/\/cansupport.julesbousrez.fr\/wp-content\/uploads\/2026\/02\/VOLUNTEERS-PALLIATIVE-CARE.jpg\" data-elementor-open-lightbox=\"yes\" data-elementor-lightbox-slideshow=\"2bfc4b6\" data-elementor-lightbox-title=\"VOLUNTEERS PALLIATIVE CARE\" data-e-action-hash=\"#elementor-action%3Aaction%3Dlightbox%26settings%3DeyJpZCI6MTUzNywidXJsIjoiaHR0cHM6XC9cL2NhbnN1cHBvcnQuanVsZXNib3VzcmV6LmZyXC93cC1jb250ZW50XC91cGxvYWRzXC8yMDI2XC8wMlwvVk9MVU5URUVSUy1QQUxMSUFUSVZFLUNBUkUuanBnIiwic2xpZGVzaG93IjoiMmJmYzRiNiJ9\">\n\t\t\t\t\t<div class=\"e-gallery-image elementor-gallery-item__image\" data-thumbnail=\"https:\/\/cansupport.julesbousrez.fr\/wp-content\/uploads\/2026\/02\/VOLUNTEERS-PALLIATIVE-CARE-273x300.jpg\" data-width=\"273\" data-height=\"300\" aria-label=\"\" role=\"img\" ><\/div>\n\t\t\t\t\t\t\t\t\t\t\t<div class=\"elementor-gallery-item__overlay\"><\/div>\n\t\t\t\t\t\t\t\t\t\t\t\t\t\t<\/a>\n\t\t\t\t\t\t\t<a class=\"e-gallery-item elementor-gallery-item elementor-animated-content\" href=\"https:\/\/cansupport.julesbousrez.fr\/wp-content\/uploads\/2026\/02\/VOLUNTEERS-PALLIATIVE-CARE-2.jpg\" data-elementor-open-lightbox=\"yes\" data-elementor-lightbox-slideshow=\"2bfc4b6\" data-elementor-lightbox-title=\"VOLUNTEERS PALLIATIVE CARE 2\" data-e-action-hash=\"#elementor-action%3Aaction%3Dlightbox%26settings%3DeyJpZCI6MTUzOCwidXJsIjoiaHR0cHM6XC9cL2NhbnN1cHBvcnQuanVsZXNib3VzcmV6LmZyXC93cC1jb250ZW50XC91cGxvYWRzXC8yMDI2XC8wMlwvVk9MVU5URUVSUy1QQUxMSUFUSVZFLUNBUkUtMi5qcGciLCJzbGlkZXNob3ciOiIyYmZjNGI2In0%3D\">\n\t\t\t\t\t<div class=\"e-gallery-image elementor-gallery-item__image\" data-thumbnail=\"https:\/\/cansupport.julesbousrez.fr\/wp-content\/uploads\/2026\/02\/VOLUNTEERS-PALLIATIVE-CARE-2-217x300.jpg\" data-width=\"217\" data-height=\"300\" aria-label=\"\" role=\"img\" ><\/div>\n\t\t\t\t\t\t\t\t\t\t\t<div class=\"elementor-gallery-item__overlay\"><\/div>\n\t\t\t\t\t\t\t\t\t\t\t\t\t\t<\/a>\n\t\t\t\t\t\t\t<a class=\"e-gallery-item elementor-gallery-item elementor-animated-content\" href=\"https:\/\/cansupport.julesbousrez.fr\/wp-content\/uploads\/2026\/02\/VOLUNTEERS-2.jpg\" data-elementor-open-lightbox=\"yes\" data-elementor-lightbox-slideshow=\"2bfc4b6\" data-elementor-lightbox-title=\"VOLUNTEERS 2\" data-e-action-hash=\"#elementor-action%3Aaction%3Dlightbox%26settings%3DeyJpZCI6MTUzOSwidXJsIjoiaHR0cHM6XC9cL2NhbnN1cHBvcnQuanVsZXNib3VzcmV6LmZyXC93cC1jb250ZW50XC91cGxvYWRzXC8yMDI2XC8wMlwvVk9MVU5URUVSUy0yLmpwZyIsInNsaWRlc2hvdyI6IjJiZmM0YjYifQ%3D%3D\">\n\t\t\t\t\t<div class=\"e-gallery-image elementor-gallery-item__image\" data-thumbnail=\"https:\/\/cansupport.julesbousrez.fr\/wp-content\/uploads\/2026\/02\/VOLUNTEERS-2-276x300.jpg\" data-width=\"276\" data-height=\"300\" aria-label=\"\" role=\"img\" ><\/div>\n\t\t\t\t\t\t\t\t\t\t\t<div class=\"elementor-gallery-item__overlay\"><\/div>\n\t\t\t\t\t\t\t\t\t\t\t\t\t\t<\/a>\n\t\t\t\t\t\t\t<a class=\"e-gallery-item elementor-gallery-item elementor-animated-content\" href=\"https:\/\/cansupport.julesbousrez.fr\/wp-content\/uploads\/2026\/02\/VOLUNTEERS-3.jpg\" data-elementor-open-lightbox=\"yes\" data-elementor-lightbox-slideshow=\"2bfc4b6\" data-elementor-lightbox-title=\"VOLUNTEERS 3\" data-e-action-hash=\"#elementor-action%3Aaction%3Dlightbox%26settings%3DeyJpZCI6MTU0MCwidXJsIjoiaHR0cHM6XC9cL2NhbnN1cHBvcnQuanVsZXNib3VzcmV6LmZyXC93cC1jb250ZW50XC91cGxvYWRzXC8yMDI2XC8wMlwvVk9MVU5URUVSUy0zLmpwZyIsInNsaWRlc2hvdyI6IjJiZmM0YjYifQ%3D%3D\">\n\t\t\t\t\t<div class=\"e-gallery-image elementor-gallery-item__image\" data-thumbnail=\"https:\/\/cansupport.julesbousrez.fr\/wp-content\/uploads\/2026\/02\/VOLUNTEERS-3-200x300.jpg\" data-width=\"200\" data-height=\"300\" aria-label=\"\" role=\"img\" ><\/div>\n\t\t\t\t\t\t\t\t\t\t\t<div class=\"elementor-gallery-item__overlay\"><\/div>\n\t\t\t\t\t\t\t\t\t\t\t\t\t\t<\/a>\n\t\t\t\t\t\t\t<a class=\"e-gallery-item elementor-gallery-item elementor-animated-content\" href=\"https:\/\/cansupport.julesbousrez.fr\/wp-content\/uploads\/2026\/02\/VOLUNTEERS-4.jpg\" data-elementor-open-lightbox=\"yes\" data-elementor-lightbox-slideshow=\"2bfc4b6\" data-elementor-lightbox-title=\"VOLUNTEERS 4\" data-e-action-hash=\"#elementor-action%3Aaction%3Dlightbox%26settings%3DeyJpZCI6MTU0MSwidXJsIjoiaHR0cHM6XC9cL2NhbnN1cHBvcnQuanVsZXNib3VzcmV6LmZyXC93cC1jb250ZW50XC91cGxvYWRzXC8yMDI2XC8wMlwvVk9MVU5URUVSUy00LmpwZyIsInNsaWRlc2hvdyI6IjJiZmM0YjYifQ%3D%3D\">\n\t\t\t\t\t<div class=\"e-gallery-image elementor-gallery-item__image\" data-thumbnail=\"https:\/\/cansupport.julesbousrez.fr\/wp-content\/uploads\/2026\/02\/VOLUNTEERS-4-245x300.jpg\" data-width=\"245\" data-height=\"300\" aria-label=\"\" role=\"img\" ><\/div>\n\t\t\t\t\t\t\t\t\t\t\t<div class=\"elementor-gallery-item__overlay\"><\/div>\n\t\t\t\t\t\t\t\t\t\t\t\t\t\t<\/a>\n\t\t\t\t\t<\/div>\n\t\t\t\t\t<\/div>\n\t\t\t\t\t<\/div>\n\t\t\t\t<\/div>\n\t\t<div class=\"elementor-element elementor-element-cbc82b8 e-con-full e-flex e-con e-parent\" data-id=\"cbc82b8\" data-element_type=\"container\" data-e-type=\"container\">\n\t\t<div class=\"elementor-element elementor-element-15dd842 e-con-full e-flex e-con e-child\" data-id=\"15dd842\" data-element_type=\"container\" data-e-type=\"container\" data-settings=\"{&quot;background_background&quot;:&quot;classic&quot;}\">\n\t\t\t\t<div class=\"elementor-element elementor-element-603c297 elementor-widget elementor-widget-heading\" data-id=\"603c297\" data-element_type=\"widget\" data-e-type=\"widget\" data-widget_type=\"heading.default\">\n\t\t\t\t\t<h3 class=\"elementor-heading-title elementor-size-default\">Acceuil<\/h3>\t\t\t\t<\/div>\n\t\t\t\t<div class=\"elementor-element elementor-element-c15d296 elementor-widget elementor-widget-button\" data-id=\"c15d296\" data-element_type=\"widget\" data-e-type=\"widget\" data-widget_type=\"button.default\">\n\t\t\t\t\t\t\t\t\t\t<a class=\"elementor-button elementor-button-link elementor-size-sm\" href=\"https:\/\/cansupport.julesbousrez.fr\/fr\/\">\n\t\t\t\t\t\t<span class=\"elementor-button-content-wrapper\">\n\t\t\t\t\t\t\t\t\t<span class=\"elementor-button-text\">Aller \u00e0 la page<\/span>\n\t\t\t\t\t<\/span>\n\t\t\t\t\t<\/a>\n\t\t\t\t\t\t\t\t<\/div>\n\t\t\t\t<\/div>\n\t\t<div class=\"elementor-element elementor-element-468dc7c e-con-full e-flex e-con e-child\" data-id=\"468dc7c\" data-element_type=\"container\" data-e-type=\"container\" data-settings=\"{&quot;background_background&quot;:&quot;classic&quot;}\">\n\t\t\t\t<div class=\"elementor-element elementor-element-7d17ebf elementor-widget elementor-widget-heading\" data-id=\"7d17ebf\" data-element_type=\"widget\" data-e-type=\"widget\" data-widget_type=\"heading.default\">\n\t\t\t\t\t<h3 class=\"elementor-heading-title elementor-size-default\">Programmes et services<\/h3>\t\t\t\t<\/div>\n\t\t\t\t<div class=\"elementor-element elementor-element-89f9e76 elementor-widget elementor-widget-button\" data-id=\"89f9e76\" data-element_type=\"widget\" data-e-type=\"widget\" data-widget_type=\"button.default\">\n\t\t\t\t\t\t\t\t\t\t<a class=\"elementor-button elementor-button-link elementor-size-sm\" href=\"https:\/\/cansupport.julesbousrez.fr\/programs\/\">\n\t\t\t\t\t\t<span class=\"elementor-button-content-wrapper\">\n\t\t\t\t\t\t\t\t\t<span class=\"elementor-button-text\">Aller \u00e0 la page<\/span>\n\t\t\t\t\t<\/span>\n\t\t\t\t\t<\/a>\n\t\t\t\t\t\t\t\t<\/div>\n\t\t\t\t<\/div>\n\t\t\t\t<\/div>\n\t\t\t\t<\/div>\n\t\t","protected":false},"excerpt":{"rendered":"<p>B\u00e9n\u00e9voles Faire du b\u00e9n\u00e9volat chez CanSupport des C\u00e8dres est une exp\u00e9rience unique et enrichissante. Les b\u00e9n\u00e9voles contribuent \u00e0 l&rsquo;atmosph\u00e8re bienveillante cultiv\u00e9e par notre personnel m\u00e9dical professionnel. Chez CanSupport des C\u00e8dres, les b\u00e9n\u00e9voles sont au c\u0153ur de tout ce que nous faisons. En donnant de votre temps, de votre compassion et de votre pr\u00e9sence, vous devenez [&hellip;]<\/p>\n","protected":false},"author":2,"featured_media":0,"parent":0,"menu_order":0,"comment_status":"closed","ping_status":"closed","template":"elementor_header_footer","meta":{"_acf_changed":false,"footnotes":""},"class_list":["post-1651","page","type-page","status-publish","hentry"],"acf":[],"_links":{"self":[{"href":"https:\/\/cansupport.julesbousrez.fr\/fr\/wp-json\/wp\/v2\/pages\/1651","targetHints":{"allow":["GET"]}}],"collection":[{"href":"https:\/\/cansupport.julesbousrez.fr\/fr\/wp-json\/wp\/v2\/pages"}],"about":[{"href":"https:\/\/cansupport.julesbousrez.fr\/fr\/wp-json\/wp\/v2\/types\/page"}],"author":[{"embeddable":true,"href":"https:\/\/cansupport.julesbousrez.fr\/fr\/wp-json\/wp\/v2\/users\/2"}],"replies":[{"embeddable":true,"href":"https:\/\/cansupport.julesbousrez.fr\/fr\/wp-json\/wp\/v2\/comments?post=1651"}],"version-history":[{"count":5,"href":"https:\/\/cansupport.julesbousrez.fr\/fr\/wp-json\/wp\/v2\/pages\/1651\/revisions"}],"predecessor-version":[{"id":1681,"href":"https:\/\/cansupport.julesbousrez.fr\/fr\/wp-json\/wp\/v2\/pages\/1651\/revisions\/1681"}],"wp:attachment":[{"href":"https:\/\/cansupport.julesbousrez.fr\/fr\/wp-json\/wp\/v2\/media?parent=1651"}],"curies":[{"name":"wp","href":"https:\/\/api.w.org\/{rel}","templated":true}]}}