{"id":1574,"date":"2025-10-13T07:17:12","date_gmt":"2025-10-13T07:17:12","guid":{"rendered":"https:\/\/cansupport.julesbousrez.fr\/questions-les-plus-frequentes\/"},"modified":"2026-04-13T20:06:19","modified_gmt":"2026-04-13T20:06:19","slug":"questions-les-plus-frequentes","status":"publish","type":"page","link":"https:\/\/cansupport.julesbousrez.fr\/fr\/questions-les-plus-frequentes\/","title":{"rendered":"Questions les plus fr\u00e9quentes"},"content":{"rendered":"\t\t<div data-elementor-type=\"wp-page\" data-elementor-id=\"1574\" class=\"elementor elementor-1574 elementor-525\" data-elementor-post-type=\"page\">\n\t\t\t\t<div class=\"elementor-element elementor-element-cda422b e-con-full e-flex e-con e-parent\" data-id=\"cda422b\" data-element_type=\"container\" data-e-type=\"container\" data-settings=\"{&quot;background_background&quot;:&quot;slideshow&quot;,&quot;background_slideshow_gallery&quot;:[{&quot;id&quot;:1573,&quot;url&quot;:&quot;https:\\\/\\\/cansupport.julesbousrez.fr\\\/wp-content\\\/uploads\\\/2026\\\/02\\\/FAQ-2.jpg&quot;}],&quot;background_slideshow_slide_transition&quot;:&quot;slide_left&quot;,&quot;background_slideshow_loop&quot;:&quot;yes&quot;,&quot;background_slideshow_slide_duration&quot;:5000,&quot;background_slideshow_transition_duration&quot;:500}\">\n\t\t\t\t<div class=\"elementor-element elementor-element-790d727 elementor-widget elementor-widget-heading\" data-id=\"790d727\" data-element_type=\"widget\" data-e-type=\"widget\" data-widget_type=\"heading.default\">\n\t\t\t\t\t<h1 class=\"elementor-heading-title elementor-size-default\">Questions les plus fr\u00e9quentes<\/h1>\t\t\t\t<\/div>\n\t\t\t\t<div class=\"elementor-element elementor-element-726de98 elementor-widget__width-initial elementor-widget elementor-widget-text-editor\" data-id=\"726de98\" data-element_type=\"widget\" data-e-type=\"widget\" data-widget_type=\"text-editor.default\">\n\t\t\t\t\t\t\t\t\t<p>Vous trouverez ici une liste de questions fr\u00e9quemment pos\u00e9es. Si vous ne trouvez pas l&rsquo;information que vous recherchez, veuillez nous contacter.<\/p>\t\t\t\t\t\t\t\t<\/div>\n\t\t\t\t<\/div>\n\t\t<div class=\"elementor-element elementor-element-2a321c1 e-flex e-con-boxed e-con e-parent\" data-id=\"2a321c1\" data-element_type=\"container\" data-e-type=\"container\">\n\t\t\t\t\t<div class=\"e-con-inner\">\n\t\t\t\t<div class=\"elementor-element elementor-element-4e39dca elementor-widget elementor-widget-html\" data-id=\"4e39dca\" data-element_type=\"widget\" data-e-type=\"widget\" data-widget_type=\"html.default\">\n\t\t\t\t\t<div class=\"qa-search-wrapper\">\n    <input type=\"text\" id=\"qa-search\" class=\"qa-search-input\" placeholder=\"Rechercher par mots-cl\u00e9s...\">\n<\/div>\t\t\t\t<\/div>\n\t\t\t\t<div class=\"elementor-element elementor-element-4171abd elementor-grid-1 elementor-grid-tablet-1 elementor-grid-mobile-1 elementor-widget elementor-widget-loop-grid\" data-id=\"4171abd\" data-element_type=\"widget\" data-e-type=\"widget\" data-settings=\"{&quot;template_id&quot;:842,&quot;columns&quot;:1,&quot;columns_tablet&quot;:1,&quot;_skin&quot;:&quot;post&quot;,&quot;columns_mobile&quot;:&quot;1&quot;,&quot;edit_handle_selector&quot;:&quot;[data-elementor-type=\\&quot;loop-item\\&quot;]&quot;,&quot;row_gap&quot;:{&quot;unit&quot;:&quot;px&quot;,&quot;size&quot;:&quot;&quot;,&quot;sizes&quot;:[]},&quot;row_gap_tablet&quot;:{&quot;unit&quot;:&quot;px&quot;,&quot;size&quot;:&quot;&quot;,&quot;sizes&quot;:[]},&quot;row_gap_mobile&quot;:{&quot;unit&quot;:&quot;px&quot;,&quot;size&quot;:&quot;&quot;,&quot;sizes&quot;:[]}}\" data-widget_type=\"loop-grid.post\">\n\t\t\t\t<div class=\"elementor-widget-container\">\n\t\t\t\t\t\t\t<div class=\"elementor-loop-container elementor-grid\" role=\"list\">\n\t\t<style id=\"loop-842\">.elementor-842 .elementor-element.elementor-element-e0dbfe9{--display:flex;--flex-direction:column;--container-widget-width:calc( ( 1 - var( --container-widget-flex-grow ) ) * 100% );--container-widget-height:initial;--container-widget-flex-grow:0;--container-widget-align-self:initial;--flex-wrap-mobile:wrap;--align-items:flex-start;border-style:solid;--border-style:solid;border-width:1px 1px 1px 1px;--border-top-width:1px;--border-right-width:1px;--border-bottom-width:1px;--border-left-width:1px;border-color:#C8C8C8;--border-color:#C8C8C8;--border-radius:0px 0px 0px 0px;--padding-top:50px;--padding-bottom:50px;--padding-left:40px;--padding-right:40px;}.elementor-widget-theme-post-title .elementor-heading-title{font-family:var( --e-global-typography-primary-font-family ), Sans-serif;font-size:var( --e-global-typography-primary-font-size );font-weight:var( --e-global-typography-primary-font-weight );line-height:var( --e-global-typography-primary-line-height );color:var( --e-global-color-primary );}.elementor-842 .elementor-element.elementor-element-f99c04f .elementor-heading-title{font-family:\"Montserrat\", Sans-serif;font-size:28px;font-weight:800;line-height:40px;color:var( --e-global-color-text );}.elementor-widget-theme-post-content{color:var( --e-global-color-text );font-family:var( --e-global-typography-text-font-family ), Sans-serif;font-size:var( --e-global-typography-text-font-size );font-weight:var( --e-global-typography-text-font-weight );line-height:var( --e-global-typography-text-line-height );}.elementor-842 .elementor-element.elementor-element-b24663f{font-family:\"Mulish\", Sans-serif;font-size:18px;font-weight:400;line-height:32px;}@media(max-width:1024px){.elementor-widget-theme-post-title .elementor-heading-title{font-size:var( --e-global-typography-primary-font-size );line-height:var( --e-global-typography-primary-line-height );}.elementor-widget-theme-post-content{font-size:var( --e-global-typography-text-font-size );line-height:var( --e-global-typography-text-line-height );}}@media(max-width:767px){.elementor-842 .elementor-element.elementor-element-e0dbfe9{--padding-top:25px;--padding-bottom:25px;--padding-left:20px;--padding-right:20px;}.elementor-widget-theme-post-title .elementor-heading-title{font-size:var( --e-global-typography-primary-font-size );line-height:var( --e-global-typography-primary-line-height );}.elementor-842 .elementor-element.elementor-element-f99c04f .elementor-heading-title{font-size:22px;line-height:30px;}.elementor-widget-theme-post-content{font-size:var( --e-global-typography-text-font-size );line-height:var( --e-global-typography-text-line-height );}.elementor-842 .elementor-element.elementor-element-b24663f{font-size:16px;line-height:28px;}}\/* Start custom CSS for theme-post-content, class: .elementor-element-b24663f *\/.elementor-842 .elementor-element.elementor-element-b24663f a {\n    color: black;\n    text-decoration: underline;\n    text-underline-offset: 3px;\n}\/* End custom CSS *\/<\/style>\t\t<div data-elementor-type=\"loop-item\" data-elementor-id=\"842\" class=\"elementor elementor-842 e-loop-item e-loop-item-1576 post-1576 questions_answers type-questions_answers status-publish hentry\" data-elementor-post-type=\"elementor_library\" data-custom-edit-handle=\"1\">\n\t\t\t<div class=\"elementor-element elementor-element-e0dbfe9 e-con-full e-flex e-con e-parent\" data-id=\"e0dbfe9\" data-element_type=\"container\" data-e-type=\"container\">\n\t\t\t\t<div class=\"elementor-element elementor-element-f99c04f elementor-widget elementor-widget-theme-post-title elementor-page-title elementor-widget-heading\" data-id=\"f99c04f\" data-element_type=\"widget\" data-e-type=\"widget\" data-widget_type=\"theme-post-title.default\">\n\t\t\t\t\t<h3 class=\"elementor-heading-title elementor-size-default\">Quels types de programmes et de services offrez-vous ?<\/h3>\t\t\t\t<\/div>\n\t\t\t\t<div class=\"elementor-element elementor-element-b24663f elementor-widget elementor-widget-theme-post-content\" data-id=\"b24663f\" data-element_type=\"widget\" data-e-type=\"widget\" data-widget_type=\"theme-post-content.default\">\n\t\t\t\t\t\n<p>Nous offrons une vari\u00e9t\u00e9 de programmes et de services, notamment des perruques et couvre-chefs gratuits, des th\u00e9rapies compl\u00e9mentaires, une aide financi\u00e8re et des ressources pour les patients. <strong><a href=\"https:\/\/cansupport.julesbousrez.fr\/fr\/programmes-et-services\/\" data-type=\"page\" data-id=\"64\">Cliquez ici<\/a><\/strong> pour consulter la liste compl\u00e8te.<\/p>\n\n<p><\/p>\n\t\t\t\t<\/div>\n\t\t\t\t<\/div>\n\t\t\t\t<\/div>\n\t\t\t\t<div data-elementor-type=\"loop-item\" data-elementor-id=\"842\" class=\"elementor elementor-842 e-loop-item e-loop-item-1577 post-1577 questions_answers type-questions_answers status-publish hentry\" data-elementor-post-type=\"elementor_library\" data-custom-edit-handle=\"1\">\n\t\t\t<div class=\"elementor-element elementor-element-e0dbfe9 e-con-full e-flex e-con e-parent\" data-id=\"e0dbfe9\" data-element_type=\"container\" data-e-type=\"container\">\n\t\t\t\t<div class=\"elementor-element elementor-element-f99c04f elementor-widget elementor-widget-theme-post-title elementor-page-title elementor-widget-heading\" data-id=\"f99c04f\" data-element_type=\"widget\" data-e-type=\"widget\" data-widget_type=\"theme-post-title.default\">\n\t\t\t\t\t<h3 class=\"elementor-heading-title elementor-size-default\">Comment puis-je m\u2019inscrire \u00e0 une th\u00e9rapie compl\u00e9mentaire ?<\/h3>\t\t\t\t<\/div>\n\t\t\t\t<div class=\"elementor-element elementor-element-b24663f elementor-widget elementor-widget-theme-post-content\" data-id=\"b24663f\" data-element_type=\"widget\" data-e-type=\"widget\" data-widget_type=\"theme-post-content.default\">\n\t\t\t\t\t\n<p>Pour vous inscrire \u00e0 une th\u00e9rapie compl\u00e9mentaire, veuillez envoyer un courriel \u00e0 <strong>Malcolm Baird<\/strong>, <em>coordonnateur de programme<\/em>, \u00e0 l\u2019adresse <a href=\"mailto:malcolm.baird@muhc.mcgill.ca.\">malcolm.baird@muhc.mcgill.ca.<\/a> Pour consulter la liste avant de vous inscrire, veuillez <strong><a href=\"https:\/\/cansupport.julesbousrez.fr\/fr\/programmes-et-services\/#art-therapy\" data-type=\"page\" data-id=\"64\">cliquer ici<\/a><\/strong>.<\/p>\n\t\t\t\t<\/div>\n\t\t\t\t<\/div>\n\t\t\t\t<\/div>\n\t\t\t\t<div data-elementor-type=\"loop-item\" data-elementor-id=\"842\" class=\"elementor elementor-842 e-loop-item e-loop-item-1578 post-1578 questions_answers type-questions_answers status-publish hentry\" data-elementor-post-type=\"elementor_library\" data-custom-edit-handle=\"1\">\n\t\t\t<div class=\"elementor-element elementor-element-e0dbfe9 e-con-full e-flex e-con e-parent\" data-id=\"e0dbfe9\" data-element_type=\"container\" data-e-type=\"container\">\n\t\t\t\t<div class=\"elementor-element elementor-element-f99c04f elementor-widget elementor-widget-theme-post-title elementor-page-title elementor-widget-heading\" data-id=\"f99c04f\" data-element_type=\"widget\" data-e-type=\"widget\" data-widget_type=\"theme-post-title.default\">\n\t\t\t\t\t<h3 class=\"elementor-heading-title elementor-size-default\">Comment puis-je obtenir un soutien psychologique professionnel ?<\/h3>\t\t\t\t<\/div>\n\t\t\t\t<div class=\"elementor-element elementor-element-b24663f elementor-widget elementor-widget-theme-post-content\" data-id=\"b24663f\" data-element_type=\"widget\" data-e-type=\"widget\" data-widget_type=\"theme-post-content.default\">\n\t\t\t\t\t\n<p>Votre m\u00e9decin peut organiser un soutien psychologique professionnel par le biais d\u2019une recommandation. Une fois la recommandation effectu\u00e9e, le membre de l\u2019\u00e9quipe appropri\u00e9 vous guidera \u00e0 travers les prochaines \u00e9tapes pour communiquer avec un psychologue.<\/p>\n\t\t\t\t<\/div>\n\t\t\t\t<\/div>\n\t\t\t\t<\/div>\n\t\t\t\t<div data-elementor-type=\"loop-item\" data-elementor-id=\"842\" class=\"elementor elementor-842 e-loop-item e-loop-item-1579 post-1579 questions_answers type-questions_answers status-publish hentry\" data-elementor-post-type=\"elementor_library\" data-custom-edit-handle=\"1\">\n\t\t\t<div class=\"elementor-element elementor-element-e0dbfe9 e-con-full e-flex e-con e-parent\" data-id=\"e0dbfe9\" data-element_type=\"container\" data-e-type=\"container\">\n\t\t\t\t<div class=\"elementor-element elementor-element-f99c04f elementor-widget elementor-widget-theme-post-title elementor-page-title elementor-widget-heading\" data-id=\"f99c04f\" data-element_type=\"widget\" data-e-type=\"widget\" data-widget_type=\"theme-post-title.default\">\n\t\t\t\t\t<h3 class=\"elementor-heading-title elementor-size-default\">Comment acc\u00e9der \u00e0 l\u2019aide financi\u00e8re ?<\/h3>\t\t\t\t<\/div>\n\t\t\t\t<div class=\"elementor-element elementor-element-b24663f elementor-widget elementor-widget-theme-post-content\" data-id=\"b24663f\" data-element_type=\"widget\" data-e-type=\"widget\" data-widget_type=\"theme-post-content.default\">\n\t\t\t\t\t\n<p>L\u2019acc\u00e8s \u00e0 l\u2019aide financi\u00e8re n\u00e9cessite une recommandation et une \u00e9valuation par un travailleur social. Votre m\u00e9decin peut fournir la recommandation, et un travailleur social vous contactera pour d\u00e9terminer votre admissibilit\u00e9 et les \u00e9tapes suivantes.<\/p>\n\n<p><\/p>\n\t\t\t\t<\/div>\n\t\t\t\t<\/div>\n\t\t\t\t<\/div>\n\t\t\t\t<\/div>\n\t\t\n\t\t\t\t\t\t<\/div>\n\t\t\t\t<\/div>\n\t\t\t\t\t<\/div>\n\t\t\t\t<\/div>\n\t\t\t\t<\/div>\n\t\t","protected":false},"excerpt":{"rendered":"<p>Questions les plus fr\u00e9quentes Vous trouverez ici une liste de questions fr\u00e9quemment pos\u00e9es. Si vous ne trouvez pas l&rsquo;information que vous recherchez, veuillez nous contacter.<\/p>\n","protected":false},"author":1,"featured_media":0,"parent":0,"menu_order":0,"comment_status":"closed","ping_status":"closed","template":"elementor_header_footer","meta":{"_acf_changed":false,"footnotes":""},"class_list":["post-1574","page","type-page","status-publish","hentry"],"acf":[],"_links":{"self":[{"href":"https:\/\/cansupport.julesbousrez.fr\/fr\/wp-json\/wp\/v2\/pages\/1574","targetHints":{"allow":["GET"]}}],"collection":[{"href":"https:\/\/cansupport.julesbousrez.fr\/fr\/wp-json\/wp\/v2\/pages"}],"about":[{"href":"https:\/\/cansupport.julesbousrez.fr\/fr\/wp-json\/wp\/v2\/types\/page"}],"author":[{"embeddable":true,"href":"https:\/\/cansupport.julesbousrez.fr\/fr\/wp-json\/wp\/v2\/users\/1"}],"replies":[{"embeddable":true,"href":"https:\/\/cansupport.julesbousrez.fr\/fr\/wp-json\/wp\/v2\/comments?post=1574"}],"version-history":[{"count":3,"href":"https:\/\/cansupport.julesbousrez.fr\/fr\/wp-json\/wp\/v2\/pages\/1574\/revisions"}],"predecessor-version":[{"id":1675,"href":"https:\/\/cansupport.julesbousrez.fr\/fr\/wp-json\/wp\/v2\/pages\/1574\/revisions\/1675"}],"wp:attachment":[{"href":"https:\/\/cansupport.julesbousrez.fr\/fr\/wp-json\/wp\/v2\/media?parent=1574"}],"curies":[{"name":"wp","href":"https:\/\/api.w.org\/{rel}","templated":true}]}}